{"id":82,"date":"2022-03-07T22:17:34","date_gmt":"2022-03-07T22:17:34","guid":{"rendered":"https:\/\/accionchristian.com\/?page_id=82"},"modified":"2026-02-21T18:36:09","modified_gmt":"2026-02-21T18:36:09","slug":"bio","status":"publish","type":"page","link":"http:\/\/accionchristian.com\/index.php\/bio\/","title":{"rendered":"Biograf\u00eda"},"content":{"rendered":"\t\t<div data-elementor-type=\"wp-page\" data-elementor-id=\"82\" class=\"elementor elementor-82\">\n\t\t\t\t\t\t<section class=\"elementor-section elementor-top-section elementor-element elementor-element-45dad4f elementor-section-full_width elementor-section-height-min-height elementor-section-items-bottom elementor-section-height-default\" data-id=\"45dad4f\" data-element_type=\"section\" data-e-type=\"section\" data-settings=\"{&quot;background_background&quot;:&quot;classic&quot;,&quot;shape_divider_bottom&quot;:&quot;triangle-asymmetrical&quot;}\">\n\t\t\t\t\t<div class=\"elementor-shape elementor-shape-bottom\" aria-hidden=\"true\" data-negative=\"false\">\n\t\t\t<svg xmlns=\"http:\/\/www.w3.org\/2000\/svg\" viewBox=\"0 0 1000 100\" preserveAspectRatio=\"none\">\n\t<path class=\"elementor-shape-fill\" d=\"M738,99l262-93V0H0v5.6L738,99z\"\/>\n<\/svg>\t\t<\/div>\n\t\t\t\t\t<div class=\"elementor-container elementor-column-gap-no\">\n\t\t\t\t\t<div class=\"elementor-column elementor-col-100 elementor-top-column elementor-element elementor-element-3f3e33a\" data-id=\"3f3e33a\" data-element_type=\"column\" data-e-type=\"column\">\n\t\t\t<div class=\"elementor-widget-wrap elementor-element-populated\">\n\t\t\t\t\t\t<section class=\"elementor-section elementor-inner-section elementor-element elementor-element-916d06c elementor-section-full_width elementor-section-height-min-height elementor-section-height-default\" data-id=\"916d06c\" data-element_type=\"section\" data-e-type=\"section\" data-settings=\"{&quot;background_background&quot;:&quot;classic&quot;}\">\n\t\t\t\t\t\t\t<div class=\"elementor-background-overlay\"><\/div>\n\t\t\t\t\t\t\t<div class=\"elementor-container elementor-column-gap-default\">\n\t\t\t\t\t<div class=\"elementor-column elementor-col-50 elementor-inner-column elementor-element elementor-element-6bddd1c\" data-id=\"6bddd1c\" data-element_type=\"column\" data-e-type=\"column\">\n\t\t\t<div class=\"elementor-widget-wrap elementor-element-populated\">\n\t\t\t\t\t\t<div class=\"elementor-element elementor-element-9350223 elementor-widget__width-initial elementor-widget-mobile__width-initial elementor-widget elementor-widget-heading\" data-id=\"9350223\" data-element_type=\"widget\" data-e-type=\"widget\" data-widget_type=\"heading.default\">\n\t\t\t\t<div class=\"elementor-widget-container\">\n\t\t\t\t\t<h2 class=\"elementor-heading-title elementor-size-default\">Biograf\u00eda<\/h2>\t\t\t\t<\/div>\n\t\t\t\t<\/div>\n\t\t\t\t\t<\/div>\n\t\t<\/div>\n\t\t\t\t<div class=\"elementor-column elementor-col-50 elementor-inner-column elementor-element elementor-element-b21ccef\" data-id=\"b21ccef\" data-element_type=\"column\" data-e-type=\"column\">\n\t\t\t<div class=\"elementor-widget-wrap elementor-element-populated\">\n\t\t\t\t\t\t<div class=\"elementor-element elementor-element-bc16125 elementor-widget__width-initial elementor-widget elementor-widget-text-editor\" data-id=\"bc16125\" data-element_type=\"widget\" data-e-type=\"widget\" data-widget_type=\"text-editor.default\">\n\t\t\t\t<div class=\"elementor-widget-container\">\n\t\t\t\t\t\t\t\t\t<p class=\"p1\"><b>Christian J. Gonz\u00e1lez<\/b> (Caracas, 1992) es actor y creador audiovisual con trayectoria en cine, teatro, televisi\u00f3n y publicidad. Comenz\u00f3 su carrera en la televisi\u00f3n venezolana (<i>Control Remoto<\/i>, RCTV; <i>Arroz con Leche<\/i> y <i>Los Misterios del Amor<\/i>, Venevisi\u00f3n).<\/p><p class=\"p1\">En cine debut\u00f3 en <i>El rumor de las piedras<\/i> (2011), pel\u00edcula multipremiada en festivales internacionales, donde recibi\u00f3 el reconocimiento a <b>Mejor Actor de Reparto<\/b> en el Festival de Cine Venezolano. Luego interpret\u00f3 al protagonista Luis Tevez en <i>Direcci\u00f3n Opuesta<\/i> (2018), adaptaci\u00f3n de la novela <i>Blue Label\/Etiqueta Azul<\/i>, estrenada en el Cinequest Film &amp; Creativity Festival (California, 2020). En 2021 protagoniz\u00f3 <i>Escisi\u00f3n<\/i>, coproducci\u00f3n chileno\u2013venezolana dirigida por Luis Rojas.<\/p><p class=\"p1\">En teatro, ha participado en montajes como <i>Red Speedo<\/i>, <i>We Don\u2019t Need Another Hero<\/i>, <i>Tribus<\/i> y <i>La C\u00e1mara Oscura<\/i> (Proyecto N\u00f3mada Mundo, Madrid, 2023). Su trabajo tambi\u00e9n abarca videoclips de artistas internacionales como Reik, Sebasti\u00e1n Yatra y Matisse, adem\u00e1s de campa\u00f1as para marcas como Netflix, Mahou, Papa John\u2019s y Easy.<\/p><p class=\"p1\">Desde 2019 expandi\u00f3 su carrera internacionalmente en Chile y Espa\u00f1a, combinando la actuaci\u00f3n con la <b>realizaci\u00f3n audiovisual y la producci\u00f3n esc\u00e9nica<\/b>. En 2025 estren\u00f3 en Madrid su primer mon\u00f3logo como actor y productor en el <b>Teatro Lagrada<\/b>, y colabora como facilitador en masterclasses de actuaci\u00f3n y comunicaci\u00f3n.<\/p><p class=\"p3\">Actualmente reside en Espa\u00f1a, donde contin\u00faa impulsando su carrera actoral y desarrollando proyectos que integran lo audiovisual con lo teatral.<\/p><p><a href=\"#\">Conoce m\u00e1s de su historia<\/a><\/p>\t\t\t\t\t\t\t\t<\/div>\n\t\t\t\t<\/div>\n\t\t\t\t\t<\/div>\n\t\t<\/div>\n\t\t\t\t\t<\/div>\n\t\t<\/section>\n\t\t\t\t\t<\/div>\n\t\t<\/div>\n\t\t\t\t\t<\/div>\n\t\t<\/section>\n\t\t\t\t<section class=\"elementor-section elementor-top-section elementor-element elementor-element-60ec6fb elementor-section-boxed elementor-section-height-default elementor-section-height-default\" data-id=\"60ec6fb\" data-element_type=\"section\" data-e-type=\"section\" data-settings=\"{&quot;background_background&quot;:&quot;classic&quot;}\">\n\t\t\t\t\t\t<div class=\"elementor-container elementor-column-gap-default\">\n\t\t\t\t\t<div class=\"elementor-column elementor-col-100 elementor-top-column elementor-element elementor-element-5731d06\" data-id=\"5731d06\" data-element_type=\"column\" data-e-type=\"column\">\n\t\t\t<div class=\"elementor-widget-wrap elementor-element-populated\">\n\t\t\t\t\t\t<div class=\"elementor-element elementor-element-9afa7ac elementor-widget elementor-widget-heading\" data-id=\"9afa7ac\" data-element_type=\"widget\" data-e-type=\"widget\" data-widget_type=\"heading.default\">\n\t\t\t\t<div class=\"elementor-widget-container\">\n\t\t\t\t\t<h2 class=\"elementor-heading-title elementor-size-default\">Galer\u00eda<\/h2>\t\t\t\t<\/div>\n\t\t\t\t<\/div>\n\t\t\t\t<section class=\"elementor-section elementor-inner-section elementor-element elementor-element-c971743 elementor-section-boxed elementor-section-height-default elementor-section-height-default\" data-id=\"c971743\" data-element_type=\"section\" data-e-type=\"section\">\n\t\t\t\t\t\t<div class=\"elementor-container elementor-column-gap-default\">\n\t\t\t\t\t<div class=\"elementor-column elementor-col-33 elementor-inner-column elementor-element elementor-element-e5cab2b\" data-id=\"e5cab2b\" data-element_type=\"column\" data-e-type=\"column\">\n\t\t\t<div class=\"elementor-widget-wrap elementor-element-populated\">\n\t\t\t\t\t\t<div class=\"elementor-element elementor-element-21cec4c elementor-widget elementor-widget-image\" data-id=\"21cec4c\" data-element_type=\"widget\" data-e-type=\"widget\" data-widget_type=\"image.default\">\n\t\t\t\t<div class=\"elementor-widget-container\">\n\t\t\t\t\t\t\t\t\t\t\t\t\t\t\t\t<a href=\"#elementor-action%3Aaction%3Dpopup%3Aopen%26settings%3DeyJpZCI6IjE0OCIsInRvZ2dsZSI6ZmFsc2V9\">\n\t\t\t\t\t\t\t<img fetchpriority=\"high\" decoding=\"async\" width=\"800\" height=\"500\" src=\"http:\/\/accionchristian.com\/wp-content\/uploads\/2022\/03\/Chris5.jpg\" class=\"attachment-full size-full wp-image-248\" alt=\"\" srcset=\"http:\/\/accionchristian.com\/wp-content\/uploads\/2022\/03\/Chris5.jpg 800w, http:\/\/accionchristian.com\/wp-content\/uploads\/2022\/03\/Chris5-300x188.jpg 300w, http:\/\/accionchristian.com\/wp-content\/uploads\/2022\/03\/Chris5-768x480.jpg 768w\" sizes=\"(max-width: 800px) 100vw, 800px\" \/>\t\t\t\t\t\t\t\t<\/a>\n\t\t\t\t\t\t\t\t\t\t\t\t\t\t\t<\/div>\n\t\t\t\t<\/div>\n\t\t\t\t<div class=\"elementor-element elementor-element-5759046 elementor-widget elementor-widget-text-editor\" data-id=\"5759046\" data-element_type=\"widget\" data-e-type=\"widget\" data-widget_type=\"text-editor.default\">\n\t\t\t\t<div class=\"elementor-widget-container\">\n\t\t\t\t\t\t\t\t\t<p><em>Guillermo C\u00f3rdoba &amp; Cristian Madariaga<\/em><\/p>\t\t\t\t\t\t\t\t<\/div>\n\t\t\t\t<\/div>\n\t\t\t\t\t<\/div>\n\t\t<\/div>\n\t\t\t\t<div class=\"elementor-column elementor-col-33 elementor-inner-column elementor-element elementor-element-21bdc4c\" data-id=\"21bdc4c\" data-element_type=\"column\" data-e-type=\"column\">\n\t\t\t<div class=\"elementor-widget-wrap elementor-element-populated\">\n\t\t\t\t\t\t<div class=\"elementor-element elementor-element-ee51ac6 elementor-widget elementor-widget-image\" data-id=\"ee51ac6\" data-element_type=\"widget\" data-e-type=\"widget\" data-widget_type=\"image.default\">\n\t\t\t\t<div class=\"elementor-widget-container\">\n\t\t\t\t\t\t\t\t\t\t\t\t\t\t\t\t<a href=\"#elementor-action%3Aaction%3Dpopup%3Aopen%26settings%3DeyJpZCI6IjE5NyIsInRvZ2dsZSI6ZmFsc2V9\">\n\t\t\t\t\t\t\t<img decoding=\"async\" width=\"800\" height=\"500\" src=\"http:\/\/accionchristian.com\/wp-content\/uploads\/2022\/07\/Capa-1.png\" class=\"attachment-full size-full wp-image-372\" alt=\"\" srcset=\"http:\/\/accionchristian.com\/wp-content\/uploads\/2022\/07\/Capa-1.png 800w, http:\/\/accionchristian.com\/wp-content\/uploads\/2022\/07\/Capa-1-300x188.png 300w, http:\/\/accionchristian.com\/wp-content\/uploads\/2022\/07\/Capa-1-768x480.png 768w\" sizes=\"(max-width: 800px) 100vw, 800px\" \/>\t\t\t\t\t\t\t\t<\/a>\n\t\t\t\t\t\t\t\t\t\t\t\t\t\t\t<\/div>\n\t\t\t\t<\/div>\n\t\t\t\t<div class=\"elementor-element elementor-element-67e7682 elementor-widget elementor-widget-text-editor\" data-id=\"67e7682\" data-element_type=\"widget\" data-e-type=\"widget\" data-widget_type=\"text-editor.default\">\n\t\t\t\t<div class=\"elementor-widget-container\">\n\t\t\t\t\t\t\t\t\t<p><em>Morochas Chochas<\/em><\/p>\t\t\t\t\t\t\t\t<\/div>\n\t\t\t\t<\/div>\n\t\t\t\t\t<\/div>\n\t\t<\/div>\n\t\t\t\t<div class=\"elementor-column elementor-col-33 elementor-inner-column elementor-element elementor-element-58c98bd\" data-id=\"58c98bd\" data-element_type=\"column\" data-e-type=\"column\">\n\t\t\t<div class=\"elementor-widget-wrap elementor-element-populated\">\n\t\t\t\t\t\t<div class=\"elementor-element elementor-element-d44b52f elementor-widget elementor-widget-image\" data-id=\"d44b52f\" data-element_type=\"widget\" data-e-type=\"widget\" data-widget_type=\"image.default\">\n\t\t\t\t<div class=\"elementor-widget-container\">\n\t\t\t\t\t\t\t\t\t\t\t\t\t\t\t\t<a href=\"#elementor-action%3Aaction%3Dpopup%3Aopen%26settings%3DeyJpZCI6IjIwNSIsInRvZ2dsZSI6ZmFsc2V9\">\n\t\t\t\t\t\t\t<img decoding=\"async\" width=\"800\" height=\"500\" src=\"http:\/\/accionchristian.com\/wp-content\/uploads\/2022\/07\/Capa-2.png\" class=\"attachment-full size-full wp-image-373\" alt=\"\" srcset=\"http:\/\/accionchristian.com\/wp-content\/uploads\/2022\/07\/Capa-2.png 800w, http:\/\/accionchristian.com\/wp-content\/uploads\/2022\/07\/Capa-2-300x188.png 300w, http:\/\/accionchristian.com\/wp-content\/uploads\/2022\/07\/Capa-2-768x480.png 768w\" sizes=\"(max-width: 800px) 100vw, 800px\" \/>\t\t\t\t\t\t\t\t<\/a>\n\t\t\t\t\t\t\t\t\t\t\t\t\t\t\t<\/div>\n\t\t\t\t<\/div>\n\t\t\t\t<div class=\"elementor-element elementor-element-d753de4 elementor-widget elementor-widget-text-editor\" data-id=\"d753de4\" data-element_type=\"widget\" data-e-type=\"widget\" data-widget_type=\"text-editor.default\">\n\t\t\t\t<div class=\"elementor-widget-container\">\n\t\t\t\t\t\t\t\t\t<p><em><span style=\"font-weight: 400;\">Malaqu\u00edas por Jhonnathan Viloria<\/span><\/em><\/p>\t\t\t\t\t\t\t\t<\/div>\n\t\t\t\t<\/div>\n\t\t\t\t\t<\/div>\n\t\t<\/div>\n\t\t\t\t\t<\/div>\n\t\t<\/section>\n\t\t\t\t\t<\/div>\n\t\t<\/div>\n\t\t\t\t\t<\/div>\n\t\t<\/section>\n\t\t\t\t<\/div>\n\t\t","protected":false},"excerpt":{"rendered":"<p>Biograf\u00eda Christian J. Gonz\u00e1lez (Caracas, 1992) es actor y creador audiovisual con trayectoria en cine, teatro, televisi\u00f3n y publicidad. Comenz\u00f3 su carrera en la televisi\u00f3n venezolana (Control Remoto, RCTV; Arroz con Leche y Los Misterios del Amor, Venevisi\u00f3n). En cine debut\u00f3 en El rumor de las piedras (2011), pel\u00edcula multipremiada en festivales internacionales, donde recibi\u00f3 [&hellip;]<\/p>\n","protected":false},"author":2,"featured_media":0,"parent":0,"menu_order":0,"comment_status":"closed","ping_status":"closed","template":"elementor_header_footer","meta":{"footnotes":""},"class_list":["post-82","page","type-page","status-publish","hentry"],"yoast_head":"<!-- This site is optimized with the Yoast SEO plugin v25.5 - https:\/\/yoast.com\/wordpress\/plugins\/seo\/ -->\n<title>Biograf\u00eda - Historia de Christian Gonz\u00e1lez<\/title>\n<meta name=\"description\" content=\"Conoce la biograf\u00eda del acto venezolano Christian Gonz\u00e1lez. C\u00f3mo se adentr\u00f3 en el mundo de la actuaci\u00f3n. Su formaci\u00f3n y desarrollo actoral.\" \/>\n<meta name=\"robots\" content=\"noindex, follow, max-snippet:-1, max-image-preview:large, max-video-preview:-1\" \/>\n<meta property=\"og:locale\" content=\"en_US\" \/>\n<meta property=\"og:type\" content=\"article\" \/>\n<meta property=\"og:title\" content=\"Biograf\u00eda - Historia de Christian Gonz\u00e1lez\" \/>\n<meta property=\"og:description\" content=\"Conoce la biograf\u00eda del acto venezolano Christian Gonz\u00e1lez. C\u00f3mo se adentr\u00f3 en el mundo de la actuaci\u00f3n. Su formaci\u00f3n y desarrollo actoral.\" \/>\n<meta property=\"og:url\" content=\"http:\/\/accionchristian.com\/index.php\/bio\/\" \/>\n<meta property=\"og:site_name\" content=\"Christian Gonz\u00e1lez\" \/>\n<meta property=\"article:modified_time\" content=\"2026-02-21T18:36:09+00:00\" \/>\n<meta property=\"og:image\" content=\"http:\/\/accionchristian.com\/wp-content\/uploads\/2022\/03\/Chris5.jpg\" \/>\n<meta name=\"twitter:card\" content=\"summary_large_image\" \/>\n<meta name=\"twitter:label1\" content=\"Est. reading time\" \/>\n\t<meta name=\"twitter:data1\" content=\"2 minutes\" \/>\n<script type=\"application\/ld+json\" class=\"yoast-schema-graph\">{\"@context\":\"https:\/\/schema.org\",\"@graph\":[{\"@type\":\"WebPage\",\"@id\":\"http:\/\/accionchristian.com\/index.php\/bio\/\",\"url\":\"http:\/\/accionchristian.com\/index.php\/bio\/\",\"name\":\"Biograf\u00eda - Historia de Christian Gonz\u00e1lez\",\"isPartOf\":{\"@id\":\"https:\/\/accionchristian.com\/#website\"},\"primaryImageOfPage\":{\"@id\":\"http:\/\/accionchristian.com\/index.php\/bio\/#primaryimage\"},\"image\":{\"@id\":\"http:\/\/accionchristian.com\/index.php\/bio\/#primaryimage\"},\"thumbnailUrl\":\"http:\/\/accionchristian.com\/wp-content\/uploads\/2022\/03\/Chris5.jpg\",\"datePublished\":\"2022-03-07T22:17:34+00:00\",\"dateModified\":\"2026-02-21T18:36:09+00:00\",\"description\":\"Conoce la biograf\u00eda del acto venezolano Christian Gonz\u00e1lez. C\u00f3mo se adentr\u00f3 en el mundo de la actuaci\u00f3n. Su formaci\u00f3n y desarrollo actoral.\",\"breadcrumb\":{\"@id\":\"http:\/\/accionchristian.com\/index.php\/bio\/#breadcrumb\"},\"inLanguage\":\"en-US\",\"potentialAction\":[{\"@type\":\"ReadAction\",\"target\":[\"http:\/\/accionchristian.com\/index.php\/bio\/\"]}]},{\"@type\":\"ImageObject\",\"inLanguage\":\"en-US\",\"@id\":\"http:\/\/accionchristian.com\/index.php\/bio\/#primaryimage\",\"url\":\"http:\/\/accionchristian.com\/wp-content\/uploads\/2022\/03\/Chris5.jpg\",\"contentUrl\":\"http:\/\/accionchristian.com\/wp-content\/uploads\/2022\/03\/Chris5.jpg\",\"width\":800,\"height\":500},{\"@type\":\"BreadcrumbList\",\"@id\":\"http:\/\/accionchristian.com\/index.php\/bio\/#breadcrumb\",\"itemListElement\":[{\"@type\":\"ListItem\",\"position\":1,\"name\":\"Home\",\"item\":\"https:\/\/accionchristian.com\/\"},{\"@type\":\"ListItem\",\"position\":2,\"name\":\"Biograf\u00eda\"}]},{\"@type\":\"WebSite\",\"@id\":\"https:\/\/accionchristian.com\/#website\",\"url\":\"https:\/\/accionchristian.com\/\",\"name\":\"Christian Gonz\u00e1lez\",\"description\":\"Actor\",\"potentialAction\":[{\"@type\":\"SearchAction\",\"target\":{\"@type\":\"EntryPoint\",\"urlTemplate\":\"https:\/\/accionchristian.com\/?s={search_term_string}\"},\"query-input\":{\"@type\":\"PropertyValueSpecification\",\"valueRequired\":true,\"valueName\":\"search_term_string\"}}],\"inLanguage\":\"en-US\"}]}<\/script>\n<!-- \/ Yoast SEO plugin. -->","yoast_head_json":{"title":"Biograf\u00eda - Historia de Christian Gonz\u00e1lez","description":"Conoce la biograf\u00eda del acto venezolano Christian Gonz\u00e1lez. C\u00f3mo se adentr\u00f3 en el mundo de la actuaci\u00f3n. Su formaci\u00f3n y desarrollo actoral.","robots":{"index":"noindex","follow":"follow","max-snippet":"max-snippet:-1","max-image-preview":"max-image-preview:large","max-video-preview":"max-video-preview:-1"},"og_locale":"en_US","og_type":"article","og_title":"Biograf\u00eda - Historia de Christian Gonz\u00e1lez","og_description":"Conoce la biograf\u00eda del acto venezolano Christian Gonz\u00e1lez. C\u00f3mo se adentr\u00f3 en el mundo de la actuaci\u00f3n. Su formaci\u00f3n y desarrollo actoral.","og_url":"http:\/\/accionchristian.com\/index.php\/bio\/","og_site_name":"Christian Gonz\u00e1lez","article_modified_time":"2026-02-21T18:36:09+00:00","og_image":[{"url":"http:\/\/accionchristian.com\/wp-content\/uploads\/2022\/03\/Chris5.jpg","type":"","width":"","height":""}],"twitter_card":"summary_large_image","twitter_misc":{"Est. reading time":"2 minutes"},"schema":{"@context":"https:\/\/schema.org","@graph":[{"@type":"WebPage","@id":"http:\/\/accionchristian.com\/index.php\/bio\/","url":"http:\/\/accionchristian.com\/index.php\/bio\/","name":"Biograf\u00eda - Historia de Christian Gonz\u00e1lez","isPartOf":{"@id":"https:\/\/accionchristian.com\/#website"},"primaryImageOfPage":{"@id":"http:\/\/accionchristian.com\/index.php\/bio\/#primaryimage"},"image":{"@id":"http:\/\/accionchristian.com\/index.php\/bio\/#primaryimage"},"thumbnailUrl":"http:\/\/accionchristian.com\/wp-content\/uploads\/2022\/03\/Chris5.jpg","datePublished":"2022-03-07T22:17:34+00:00","dateModified":"2026-02-21T18:36:09+00:00","description":"Conoce la biograf\u00eda del acto venezolano Christian Gonz\u00e1lez. C\u00f3mo se adentr\u00f3 en el mundo de la actuaci\u00f3n. Su formaci\u00f3n y desarrollo actoral.","breadcrumb":{"@id":"http:\/\/accionchristian.com\/index.php\/bio\/#breadcrumb"},"inLanguage":"en-US","potentialAction":[{"@type":"ReadAction","target":["http:\/\/accionchristian.com\/index.php\/bio\/"]}]},{"@type":"ImageObject","inLanguage":"en-US","@id":"http:\/\/accionchristian.com\/index.php\/bio\/#primaryimage","url":"http:\/\/accionchristian.com\/wp-content\/uploads\/2022\/03\/Chris5.jpg","contentUrl":"http:\/\/accionchristian.com\/wp-content\/uploads\/2022\/03\/Chris5.jpg","width":800,"height":500},{"@type":"BreadcrumbList","@id":"http:\/\/accionchristian.com\/index.php\/bio\/#breadcrumb","itemListElement":[{"@type":"ListItem","position":1,"name":"Home","item":"https:\/\/accionchristian.com\/"},{"@type":"ListItem","position":2,"name":"Biograf\u00eda"}]},{"@type":"WebSite","@id":"https:\/\/accionchristian.com\/#website","url":"https:\/\/accionchristian.com\/","name":"Christian Gonz\u00e1lez","description":"Actor","potentialAction":[{"@type":"SearchAction","target":{"@type":"EntryPoint","urlTemplate":"https:\/\/accionchristian.com\/?s={search_term_string}"},"query-input":{"@type":"PropertyValueSpecification","valueRequired":true,"valueName":"search_term_string"}}],"inLanguage":"en-US"}]}},"_links":{"self":[{"href":"http:\/\/accionchristian.com\/index.php\/wp-json\/wp\/v2\/pages\/82","targetHints":{"allow":["GET"]}}],"collection":[{"href":"http:\/\/accionchristian.com\/index.php\/wp-json\/wp\/v2\/pages"}],"about":[{"href":"http:\/\/accionchristian.com\/index.php\/wp-json\/wp\/v2\/types\/page"}],"author":[{"embeddable":true,"href":"http:\/\/accionchristian.com\/index.php\/wp-json\/wp\/v2\/users\/2"}],"replies":[{"embeddable":true,"href":"http:\/\/accionchristian.com\/index.php\/wp-json\/wp\/v2\/comments?post=82"}],"version-history":[{"count":69,"href":"http:\/\/accionchristian.com\/index.php\/wp-json\/wp\/v2\/pages\/82\/revisions"}],"predecessor-version":[{"id":627,"href":"http:\/\/accionchristian.com\/index.php\/wp-json\/wp\/v2\/pages\/82\/revisions\/627"}],"wp:attachment":[{"href":"http:\/\/accionchristian.com\/index.php\/wp-json\/wp\/v2\/media?parent=82"}],"curies":[{"name":"wp","href":"https:\/\/api.w.org\/{rel}","templated":true}]}}